{"id":30,"date":"2022-04-28T16:50:10","date_gmt":"2022-04-28T16:50:10","guid":{"rendered":"https:\/\/ich-akademie.de\/ich\/?page_id=30"},"modified":"2022-05-01T11:59:06","modified_gmt":"2022-05-01T11:59:06","slug":"impressum","status":"publish","type":"page","link":"https:\/\/ich-akademie.de\/ich\/impressum\/","title":{"rendered":"Impressum"},"content":{"rendered":"<p>[et_pb_section fb_built=&#8220;1&#8243; _builder_version=&#8220;4.17.3&#8243; _module_preset=&#8220;default&#8220; global_colors_info=&#8220;{}&#8220;][et_pb_row _builder_version=&#8220;4.17.3&#8243; _module_preset=&#8220;default&#8220; global_colors_info=&#8220;{}&#8220;][et_pb_column type=&#8220;4_4&#8243; _builder_version=&#8220;4.17.3&#8243; _module_preset=&#8220;default&#8220; global_colors_info=&#8220;{}&#8220;][et_pb_blurb title=&#8220;Impressum&#8220; _builder_version=&#8220;4.17.3&#8243; _module_preset=&#8220;default&#8220; hover_enabled=&#8220;0&#8243; global_colors_info=&#8220;{}&#8220; sticky_enabled=&#8220;0&#8243;]<\/p>\n<article>Inhaber: Martje Kleinhans und Dr. Stefan Polten\u00a0<\/p>\n<p>&nbsp;<\/p>\n<p>&nbsp;<\/p>\n<h2>Angaben gem\u00e4\u00df \u00a7 5 TMG<\/h2>\n<p>Dr. med. Stefan Polten<br \/>Identity Upgrade<br \/>Saseler Markt 12a<br \/>22393 Hamburg<\/p>\n<p>&nbsp;<\/p>\n<p><span>Martje Kleinhans<\/span><\/p>\n<p>Hessenweg 7e<\/p>\n<p>21385 Amelinghausen<\/p>\n<p>&nbsp;<\/p>\n<h2>Kontakt<\/h2>\n<p>Dr. Stefan Polten:<\/p>\n<p>Telefon: 0176-21453834<br \/>E-Mail: stefan(at)identity-upgrade.de<\/p>\n<p>Martje Kleinhans:<\/p>\n<p>martje(at)martje.rocks<\/p>\n<p>Tel.: 0162.2792725<\/p>\n<h2>Umsatzsteuer-ID<\/h2>\n<p>Umsatzsteuer-Identifikationsnummer gem\u00e4\u00df \u00a727 a Umsatzsteuergesetz:<br \/>Dr. Stefan Polten: DE300763193<\/p>\n<p>Martje Kleinhans: DE297109844<\/p>\n<p>&nbsp;<\/p>\n<h2>Dr. Stefan Polten:<\/h2>\n<h2>Aufsichtsbeh\u00f6rde<\/h2>\n<p>Landes\u00e4rztekammer Hamburg<br \/>Weidestra\u00dfe 122b<br \/>20083 Hamburg<\/p>\n<p><a href=\"http:\/\/www.aerztekammer-hamburg.de\/\" target=\"_blank\" rel=\"noopener noreferrer\">http:\/\/www.aerztekammer-hamburg.de<\/a><\/p>\n<h2>Berufsbezeichnung und berufsrechtliche Regelungen<\/h2>\n<p>Berufsbezeichnung: Arzt<br \/>Zust\u00e4ndige Kammer: Landes\u00e4rztekammer Hamburg, Weidestra\u00dfe 122b, 20083 Hamburg<br \/>Verliehen durch: Deutschland<br \/>Es gelten folgende berufsrechtliche Regelungen: Die Berufsordnung ist zu beziehen, beziehungsweise einzusehen bei der zust\u00e4ndigen \u00c4rztekammer<br \/>Regelungen einsehbar unter: <a href=\"http:\/\/www.aerztekammer-hamburg.de\/\" target=\"_blank\" rel=\"noopener noreferrer\">http:\/\/www.aerztekammer-hamburg.de<\/a><\/p>\n<h2>Angaben zur Berufshaftpflichtversicherung<\/h2>\n<p><strong>Name und Sitz des Versicherers:<\/strong><br \/>HDI-Gerling Firmen und Privat Versicherung AG<br \/>HDI-Platz 1<br \/>30659 Hannover<\/p>\n<p><strong>Geltungsraum der Versicherung:<\/strong><br \/>Deutschland<\/p>\n<h2>Verantwortlich f\u00fcr den Inhalt nach \u00a7 55 Abs. 2 RStV<\/h2>\n<p>Dr. med. Stefan Polten<br \/>Saseler Markt 12a<br \/>22393 Hamburg<\/p>\n<h2>Streitschlichtung<\/h2>\n<p>Die Europ\u00e4ische Kommission stellt eine Plattform zur Online-Streitbeilegung (OS) bereit: <a href=\"https:\/\/ec.europa.eu\/consumers\/odr\" target=\"_blank\" rel=\"noopener noreferrer\">https:\/\/ec.europa.eu\/consumers\/odr<\/a>.<br \/>Unsere E-Mail-Adresse finden Sie oben im Impressum.<\/p>\n<p>Wir sind nicht bereit oder verpflichtet, an Streitbeilegungsverfahren vor einer Verbraucherschlichtungsstelle teilzunehmen.<\/p>\n<h3>Haftung f\u00fcr Inhalte<\/h3>\n<p>Als Diensteanbieter sind wir gem\u00e4\u00df \u00a7 7 Abs.1 TMG f\u00fcr eigene Inhalte auf diesen Seiten nach den allgemeinen Gesetzen verantwortlich. Nach \u00a7\u00a7 8 bis 10 TMG sind wir als Diensteanbieter jedoch nicht verpflichtet, \u00fcbermittelte oder gespeicherte fremde Informationen zu \u00fcberwachen oder nach Umst\u00e4nden zu forschen, die auf eine rechtswidrige T\u00e4tigkeit hinweisen.<\/p>\n<p>Verpflichtungen zur Entfernung oder Sperrung der Nutzung von Informationen nach den allgemeinen Gesetzen bleiben hiervon unber\u00fchrt. Eine diesbez\u00fcgliche Haftung ist jedoch erst ab dem Zeitpunkt der Kenntnis einer konkreten Rechtsverletzung m\u00f6glich. Bei Bekanntwerden von entsprechenden Rechtsverletzungen werden wir diese Inhalte umgehend entfernen.<\/p>\n<h3>Haftung f\u00fcr Links<\/h3>\n<p>Unser Angebot enth\u00e4lt Links zu externen Websites Dritter, auf deren Inhalte wir keinen Einfluss haben. Deshalb k\u00f6nnen wir f\u00fcr diese fremden Inhalte auch keine Gew\u00e4hr \u00fcbernehmen. F\u00fcr die Inhalte der verlinkten Seiten ist stets der jeweilige Anbieter oder Betreiber der Seiten verantwortlich. Die verlinkten Seiten wurden zum Zeitpunkt der Verlinkung auf m\u00f6gliche Rechtsverst\u00f6\u00dfe \u00fcberpr\u00fcft. Rechtswidrige Inhalte waren zum Zeitpunkt der Verlinkung nicht erkennbar.<\/p>\n<p>Eine permanente inhaltliche Kontrolle der verlinkten Seiten ist jedoch ohne konkrete Anhaltspunkte einer Rechtsverletzung nicht zumutbar. Bei Bekanntwerden von Rechtsverletzungen werden wir derartige Links umgehend entfernen.<\/p>\n<h3>Urheberrecht<\/h3>\n<p>Die durch die Seitenbetreiber erstellten Inhalte und Werke auf diesen Seiten unterliegen dem deutschen Urheberrecht. Die Vervielf\u00e4ltigung, Bearbeitung, Verbreitung und jede Art der Verwertung au\u00dferhalb der Grenzen des Urheberrechtes bed\u00fcrfen der schriftlichen Zustimmung des jeweiligen Autors bzw. Erstellers. Downloads und Kopien dieser Seite sind nur f\u00fcr den privaten, nicht kommerziellen Gebrauch gestattet.<\/p>\n<p>Soweit die Inhalte auf dieser Seite nicht vom Betreiber erstellt wurden, werden die Urheberrechte Dritter beachtet. Insbesondere werden Inhalte Dritter als solche gekennzeichnet. Sollten Sie trotzdem auf eine Urheberrechtsverletzung aufmerksam werden, bitten wir um einen entsprechenden Hinweis. Bei Bekanntwerden von Rechtsverletzungen werden wir derartige Inhalte umgehend entfernen.<\/p>\n<p>&nbsp;<\/p>\n<p>&nbsp;<\/p>\n<p>&nbsp;<\/p>\n<p>&nbsp;<\/p>\n<p>&nbsp;<\/p>\n<\/article>\n<p>&nbsp;<\/p>\n<p>[\/et_pb_blurb][\/et_pb_column][\/et_pb_row][\/et_pb_section]<\/p>\n","protected":false},"excerpt":{"rendered":"<p>Inhaber: Martje Kleinhans und Dr. Stefan Polten\u00a0 &nbsp; &nbsp; Angaben gem\u00e4\u00df \u00a7 5 TMG Dr. med. Stefan PoltenIdentity UpgradeSaseler Markt 12a22393 Hamburg &nbsp; Martje Kleinhans Hessenweg 7e 21385 Amelinghausen &nbsp; Kontakt Dr. Stefan Polten: Telefon: 0176-21453834E-Mail: stefan(at)identity-upgrade.de Martje Kleinhans: martje(at)martje.rocks Tel.: 0162.2792725 Umsatzsteuer-ID Umsatzsteuer-Identifikationsnummer gem\u00e4\u00df \u00a727 a Umsatzsteuergesetz:Dr. Stefan Polten: DE300763193 Martje Kleinhans: DE297109844 &nbsp; [&hellip;]<\/p>\n","protected":false},"author":1,"featured_media":0,"parent":0,"menu_order":0,"comment_status":"closed","ping_status":"closed","template":"","meta":{"_et_pb_use_builder":"on","_et_pb_old_content":"","_et_gb_content_width":""},"_links":{"self":[{"href":"https:\/\/ich-akademie.de\/ich\/wp-json\/wp\/v2\/pages\/30"}],"collection":[{"href":"https:\/\/ich-akademie.de\/ich\/wp-json\/wp\/v2\/pages"}],"about":[{"href":"https:\/\/ich-akademie.de\/ich\/wp-json\/wp\/v2\/types\/page"}],"author":[{"embeddable":true,"href":"https:\/\/ich-akademie.de\/ich\/wp-json\/wp\/v2\/users\/1"}],"replies":[{"embeddable":true,"href":"https:\/\/ich-akademie.de\/ich\/wp-json\/wp\/v2\/comments?post=30"}],"version-history":[{"count":8,"href":"https:\/\/ich-akademie.de\/ich\/wp-json\/wp\/v2\/pages\/30\/revisions"}],"predecessor-version":[{"id":119,"href":"https:\/\/ich-akademie.de\/ich\/wp-json\/wp\/v2\/pages\/30\/revisions\/119"}],"wp:attachment":[{"href":"https:\/\/ich-akademie.de\/ich\/wp-json\/wp\/v2\/media?parent=30"}],"curies":[{"name":"wp","href":"https:\/\/api.w.org\/{rel}","templated":true}]}}